{"id":4,"date":"2008-05-20T15:07:39","date_gmt":"2008-05-20T15:07:39","guid":{"rendered":"http:\/\/shakaran.net\/blog\/?page_id=4"},"modified":"2022-06-24T13:30:32","modified_gmt":"2022-06-24T11:30:32","slug":"about-2","status":"publish","type":"page","link":"https:\/\/shakaran.net\/blog\/about-2\/","title":{"rendered":"Sobre m\u00ed"},"content":{"rendered":"\n\n\u00c1ngel Guzm\u00e1n Maeso - Senior Backend Engineer &amp; Sysadmin\n\nSoy \u00c1ngel Guzm\u00e1n Maeso, conocido en internet como Shakaran. Actualmente soy Ingeniero Inform\u00e1tico Superior en Espa\u00f1a. Soy bastante autodidacta y me gusta mucho curiosear cualquier cosa lo suficientemente interesante. Me encanta la filosof\u00eda del software libre y adoro hacer programas que resulten \u00fatiles a la gente.\n\nFreelance y consultor\u00eda\n\n\u00danicamente realizo trabajos freelance de consultar\u00eda, programaci\u00f3n y dise\u00f1o web y administraci\u00f3n <a href=\"https:\/\/shakaran.net\/blog\/about-2\/\" class=\"more-link\">Leer m\u00e1s [...]<\/a>","protected":false},"excerpt":{"rendered":"<p>\u00c1ngel Guzm\u00e1n Maeso &#8211; Senior Backend Engineer &amp; Sysadmin Soy \u00c1ngel Guzm\u00e1n Maeso, conocido en internet como Shakaran. Actualmente soy Ingeniero Inform\u00e1tico Superior en Espa\u00f1a. Soy bastante autodidacta y me gusta mucho curiosear cualquier cosa lo suficientemente interesante. Me encanta&#8230;<\/p>\n","protected":false},"author":1,"featured_media":0,"parent":0,"menu_order":0,"comment_status":"open","ping_status":"open","template":"","meta":{"_monsterinsights_skip_tracking":false,"_monsterinsights_sitenote_active":false,"_monsterinsights_sitenote_note":"","_monsterinsights_sitenote_category":0,"jetpack_post_was_ever_published":false,"footnotes":""},"class_list":["post-4","page","type-page","status-publish","hentry","no-post-thumbnail"],"yoast_head":"<!-- This site is optimized with the Yoast SEO plugin v25.6 - https:\/\/yoast.com\/wordpress\/plugins\/seo\/ -->\n<title>\u00c1ngel Guzm\u00e1n Maeso - Senior Backend Engineer &amp; Sysadmin - Sobre m\u00ed<\/title>\n<meta name=\"description\" content=\"Soy \u00c1ngel Guzm\u00e1n Maeso, conocido en internet como Shakaran. Actualmente soy Ingeniero Inform\u00e1tico Superior en Espa\u00f1a. Soy bastante autodidacta y me gusta ...\" \/>\n<meta name=\"robots\" content=\"index, follow, max-snippet:-1, max-image-preview:large, max-video-preview:-1\" \/>\n<link rel=\"canonical\" href=\"https:\/\/shakaran.net\/blog\/about-2\/\" \/>\n<meta property=\"og:locale\" content=\"es_ES\" \/>\n<meta property=\"og:type\" content=\"article\" \/>\n<meta property=\"og:title\" content=\"\u00c1ngel Guzm\u00e1n Maeso - Senior Backend Engineer &amp; Sysadmin - Sobre m\u00ed\" \/>\n<meta property=\"og:description\" content=\"Soy \u00c1ngel Guzm\u00e1n Maeso, conocido en internet como Shakaran. Actualmente soy Ingeniero Inform\u00e1tico Superior en Espa\u00f1a. Soy bastante autodidacta y me gusta ...\" \/>\n<meta property=\"og:url\" content=\"https:\/\/shakaran.net\/blog\/about-2\/\" \/>\n<meta property=\"og:site_name\" content=\"Shakaran\" \/>\n<meta property=\"article:modified_time\" content=\"2022-06-24T11:30:32+00:00\" \/>\n<meta property=\"og:image\" content=\"http:\/\/shakaran.net\/blog\/wp-content\/uploads\/2008\/05\/shakaran-polaroid.png\" \/>\n<meta name=\"twitter:card\" content=\"summary_large_image\" \/>\n<meta name=\"twitter:label1\" content=\"Tiempo de lectura\" \/>\n\t<meta name=\"twitter:data1\" content=\"4 minutos\" \/>\n<script type=\"application\/ld+json\" class=\"yoast-schema-graph\">{\"@context\":\"https:\/\/schema.org\",\"@graph\":[{\"@type\":\"WebPage\",\"@id\":\"https:\/\/shakaran.net\/blog\/about-2\/\",\"url\":\"https:\/\/shakaran.net\/blog\/about-2\/\",\"name\":\"\u00c1ngel Guzm\u00e1n Maeso - Senior Backend Engineer & Sysadmin - Sobre m\u00ed\",\"isPartOf\":{\"@id\":\"https:\/\/shakaran.net\/blog\/#website\"},\"primaryImageOfPage\":{\"@id\":\"https:\/\/shakaran.net\/blog\/about-2\/#primaryimage\"},\"image\":{\"@id\":\"https:\/\/shakaran.net\/blog\/about-2\/#primaryimage\"},\"thumbnailUrl\":\"http:\/\/shakaran.net\/blog\/wp-content\/uploads\/2008\/05\/shakaran-polaroid.png\",\"datePublished\":\"2008-05-20T15:07:39+00:00\",\"dateModified\":\"2022-06-24T11:30:32+00:00\",\"description\":\"Soy \u00c1ngel Guzm\u00e1n Maeso, conocido en internet como Shakaran. Actualmente soy Ingeniero Inform\u00e1tico Superior en Espa\u00f1a. Soy bastante autodidacta y me gusta ...\",\"breadcrumb\":{\"@id\":\"https:\/\/shakaran.net\/blog\/about-2\/#breadcrumb\"},\"inLanguage\":\"es\",\"potentialAction\":[{\"@type\":\"ReadAction\",\"target\":[\"https:\/\/shakaran.net\/blog\/about-2\/\"]}]},{\"@type\":\"ImageObject\",\"inLanguage\":\"es\",\"@id\":\"https:\/\/shakaran.net\/blog\/about-2\/#primaryimage\",\"url\":\"http:\/\/shakaran.net\/blog\/wp-content\/uploads\/2008\/05\/shakaran-polaroid.png\",\"contentUrl\":\"http:\/\/shakaran.net\/blog\/wp-content\/uploads\/2008\/05\/shakaran-polaroid.png\"},{\"@type\":\"BreadcrumbList\",\"@id\":\"https:\/\/shakaran.net\/blog\/about-2\/#breadcrumb\",\"itemListElement\":[{\"@type\":\"ListItem\",\"position\":1,\"name\":\"Portada\",\"item\":\"https:\/\/shakaran.net\/blog\/\"},{\"@type\":\"ListItem\",\"position\":2,\"name\":\"Sobre m\u00ed\"}]},{\"@type\":\"WebSite\",\"@id\":\"https:\/\/shakaran.net\/blog\/#website\",\"url\":\"https:\/\/shakaran.net\/blog\/\",\"name\":\"Shakaran\",\"description\":\"Blog de un ingeniero inform\u00e1tico superior y sysadmin\",\"potentialAction\":[{\"@type\":\"SearchAction\",\"target\":{\"@type\":\"EntryPoint\",\"urlTemplate\":\"https:\/\/shakaran.net\/blog\/?s={search_term_string}\"},\"query-input\":{\"@type\":\"PropertyValueSpecification\",\"valueRequired\":true,\"valueName\":\"search_term_string\"}}],\"inLanguage\":\"es\"}]}<\/script>\n<!-- \/ Yoast SEO plugin. -->","yoast_head_json":{"title":"\u00c1ngel Guzm\u00e1n Maeso - Senior Backend Engineer & Sysadmin - Sobre m\u00ed","description":"Soy \u00c1ngel Guzm\u00e1n Maeso, conocido en internet como Shakaran. Actualmente soy Ingeniero Inform\u00e1tico Superior en Espa\u00f1a. Soy bastante autodidacta y me gusta ...","robots":{"index":"index","follow":"follow","max-snippet":"max-snippet:-1","max-image-preview":"max-image-preview:large","max-video-preview":"max-video-preview:-1"},"canonical":"https:\/\/shakaran.net\/blog\/about-2\/","og_locale":"es_ES","og_type":"article","og_title":"\u00c1ngel Guzm\u00e1n Maeso - Senior Backend Engineer & Sysadmin - Sobre m\u00ed","og_description":"Soy \u00c1ngel Guzm\u00e1n Maeso, conocido en internet como Shakaran. Actualmente soy Ingeniero Inform\u00e1tico Superior en Espa\u00f1a. Soy bastante autodidacta y me gusta ...","og_url":"https:\/\/shakaran.net\/blog\/about-2\/","og_site_name":"Shakaran","article_modified_time":"2022-06-24T11:30:32+00:00","og_image":[{"url":"http:\/\/shakaran.net\/blog\/wp-content\/uploads\/2008\/05\/shakaran-polaroid.png","type":"","width":"","height":""}],"twitter_card":"summary_large_image","twitter_misc":{"Tiempo de lectura":"4 minutos"},"schema":{"@context":"https:\/\/schema.org","@graph":[{"@type":"WebPage","@id":"https:\/\/shakaran.net\/blog\/about-2\/","url":"https:\/\/shakaran.net\/blog\/about-2\/","name":"\u00c1ngel Guzm\u00e1n Maeso - Senior Backend Engineer & Sysadmin - Sobre m\u00ed","isPartOf":{"@id":"https:\/\/shakaran.net\/blog\/#website"},"primaryImageOfPage":{"@id":"https:\/\/shakaran.net\/blog\/about-2\/#primaryimage"},"image":{"@id":"https:\/\/shakaran.net\/blog\/about-2\/#primaryimage"},"thumbnailUrl":"http:\/\/shakaran.net\/blog\/wp-content\/uploads\/2008\/05\/shakaran-polaroid.png","datePublished":"2008-05-20T15:07:39+00:00","dateModified":"2022-06-24T11:30:32+00:00","description":"Soy \u00c1ngel Guzm\u00e1n Maeso, conocido en internet como Shakaran. Actualmente soy Ingeniero Inform\u00e1tico Superior en Espa\u00f1a. Soy bastante autodidacta y me gusta ...","breadcrumb":{"@id":"https:\/\/shakaran.net\/blog\/about-2\/#breadcrumb"},"inLanguage":"es","potentialAction":[{"@type":"ReadAction","target":["https:\/\/shakaran.net\/blog\/about-2\/"]}]},{"@type":"ImageObject","inLanguage":"es","@id":"https:\/\/shakaran.net\/blog\/about-2\/#primaryimage","url":"http:\/\/shakaran.net\/blog\/wp-content\/uploads\/2008\/05\/shakaran-polaroid.png","contentUrl":"http:\/\/shakaran.net\/blog\/wp-content\/uploads\/2008\/05\/shakaran-polaroid.png"},{"@type":"BreadcrumbList","@id":"https:\/\/shakaran.net\/blog\/about-2\/#breadcrumb","itemListElement":[{"@type":"ListItem","position":1,"name":"Portada","item":"https:\/\/shakaran.net\/blog\/"},{"@type":"ListItem","position":2,"name":"Sobre m\u00ed"}]},{"@type":"WebSite","@id":"https:\/\/shakaran.net\/blog\/#website","url":"https:\/\/shakaran.net\/blog\/","name":"Shakaran","description":"Blog de un ingeniero inform\u00e1tico superior y sysadmin","potentialAction":[{"@type":"SearchAction","target":{"@type":"EntryPoint","urlTemplate":"https:\/\/shakaran.net\/blog\/?s={search_term_string}"},"query-input":{"@type":"PropertyValueSpecification","valueRequired":true,"valueName":"search_term_string"}}],"inLanguage":"es"}]}},"jetpack_sharing_enabled":true,"jetpack_shortlink":"https:\/\/wp.me\/PAPNv-4","jetpack-related-posts":[],"jetpack_likes_enabled":true,"post_mailing_queue_ids":[],"_links":{"self":[{"href":"https:\/\/shakaran.net\/blog\/wp-json\/wp\/v2\/pages\/4"}],"collection":[{"href":"https:\/\/shakaran.net\/blog\/wp-json\/wp\/v2\/pages"}],"about":[{"href":"https:\/\/shakaran.net\/blog\/wp-json\/wp\/v2\/types\/page"}],"author":[{"embeddable":true,"href":"https:\/\/shakaran.net\/blog\/wp-json\/wp\/v2\/users\/1"}],"replies":[{"embeddable":true,"href":"https:\/\/shakaran.net\/blog\/wp-json\/wp\/v2\/comments?post=4"}],"version-history":[{"count":2,"href":"https:\/\/shakaran.net\/blog\/wp-json\/wp\/v2\/pages\/4\/revisions"}],"predecessor-version":[{"id":2024,"href":"https:\/\/shakaran.net\/blog\/wp-json\/wp\/v2\/pages\/4\/revisions\/2024"}],"wp:attachment":[{"href":"https:\/\/shakaran.net\/blog\/wp-json\/wp\/v2\/media?parent=4"}],"curies":[{"name":"wp","href":"https:\/\/api.w.org\/{rel}","templated":true}]}}